{"id":18,"date":"2026-02-26T14:56:07","date_gmt":"2026-02-26T13:56:07","guid":{"rendered":"http:\/\/hellmann-versand.de\/?page_id=18"},"modified":"2026-03-05T13:58:36","modified_gmt":"2026-03-05T12:58:36","slug":"ueber-uns","status":"publish","type":"page","link":"https:\/\/hellmann-versand.de\/en\/ueber-uns\/","title":{"rendered":"About Us"},"content":{"rendered":"<hr class=\"wp-block-separator has-alpha-channel-opacity is-style-wide is-style-wide--1\"\/>\n\n\n\n<div class=\"wp-block-cover alignfull is-light has-parallax has-custom-content-position is-position-bottom-center\" style=\"min-height:784px;aspect-ratio:unset;\"><div class=\"wp-block-cover__image-background wp-image-73 size-large has-parallax\" style=\"background-position:50% 50%;background-image:url(http:\/\/hellmann-versand.de\/wp-content\/uploads\/2026\/03\/Lagerfoto-Gang-1024x683.jpg)\"><\/div><span aria-hidden=\"true\" class=\"wp-block-cover__background has-background-dim-20 has-background-dim\" style=\"background-color:#f0b485\"><\/span><div class=\"wp-block-cover__inner-container has-global-padding is-layout-constrained wp-container-core-cover-is-layout-731c369d wp-block-cover-is-layout-constrained\">\n<p><\/p>\n<\/div><\/div>\n\n\n\n<hr class=\"wp-block-separator has-alpha-channel-opacity is-style-wide is-style-wide--2\"\/>\n\n\n\n<p>Wir sind ein familiengef\u00fchrtes Unternehmen mit rund 30 engagierten Mitarbeiterinnen und Mitarbeitern und blicken auf viele Jahre Erfahrung in der Welt dekorativer Glaswaren zur\u00fcck.<\/p>\n\n\n\n<p class=\"is-style-default\">Unser Herz schl\u00e4gt f\u00fcr <strong>Windlichter<\/strong> \u2013 von klassischen bis zu modernen Designs, nicht nur zur Weihnachtszeit, sondern f\u00fcr jede Jahreszeit und jeden Anlass. Dabei legen wir gro\u00dfen Wert auf Qualit\u00e4t, liebevolle Verarbeitung und ein Sortiment, das unsere Kunden begeistert.<\/p>\n\n\n\n<p>Als kleines, flexibles Team k\u00f6nnen wir schnell auf W\u00fcnsche reagieren und pflegen den pers\u00f6nlichen Kontakt zu unseren Gesch\u00e4ftspartnern. Wir glauben daran, dass sch\u00f6nes Design und handwerkliche Qualit\u00e4t Hand in Hand gehen \u2013 und genau das m\u00f6chten wir Ihnen mit unseren Produkten in Ihr Gesch\u00e4ft bringen.<\/p>\n\n\n\n<hr class=\"wp-block-separator has-alpha-channel-opacity is-style-wide is-style-wide--3\"\/>\n\n\n\n<p><\/p>","protected":false},"excerpt":{"rendered":"<p>Wir sind ein familiengef\u00fchrtes Unternehmen mit rund 30 engagierten Mitarbeiterinnen und Mitarbeitern und blicken auf viele Jahre Erfahrung in der Welt dekorativer Glaswaren zur\u00fcck. Unser Herz schl\u00e4gt f\u00fcr Windlichter \u2013 von klassischen bis zu modernen Designs, nicht nur zur Weihnachtszeit, sondern f\u00fcr jede Jahreszeit und jeden Anlass. Dabei legen wir gro\u00dfen Wert auf Qualit\u00e4t, liebevolle [&hellip;]<\/p>\n","protected":false},"author":1,"featured_media":0,"parent":0,"menu_order":0,"comment_status":"closed","ping_status":"closed","template":"","meta":{"footnotes":""},"class_list":["post-18","page","type-page","status-publish","hentry"],"_links":{"self":[{"href":"https:\/\/hellmann-versand.de\/en\/wp-json\/wp\/v2\/pages\/18","targetHints":{"allow":["GET"]}}],"collection":[{"href":"https:\/\/hellmann-versand.de\/en\/wp-json\/wp\/v2\/pages"}],"about":[{"href":"https:\/\/hellmann-versand.de\/en\/wp-json\/wp\/v2\/types\/page"}],"author":[{"embeddable":true,"href":"https:\/\/hellmann-versand.de\/en\/wp-json\/wp\/v2\/users\/1"}],"replies":[{"embeddable":true,"href":"https:\/\/hellmann-versand.de\/en\/wp-json\/wp\/v2\/comments?post=18"}],"version-history":[{"count":5,"href":"https:\/\/hellmann-versand.de\/en\/wp-json\/wp\/v2\/pages\/18\/revisions"}],"predecessor-version":[{"id":88,"href":"https:\/\/hellmann-versand.de\/en\/wp-json\/wp\/v2\/pages\/18\/revisions\/88"}],"wp:attachment":[{"href":"https:\/\/hellmann-versand.de\/en\/wp-json\/wp\/v2\/media?parent=18"}],"curies":[{"name":"wp","href":"https:\/\/api.w.org\/{rel}","templated":true}]}}