{"id":106,"date":"2026-03-30T12:57:26","date_gmt":"2026-03-30T10:57:26","guid":{"rendered":"http:\/\/hellmann-versand.de\/?page_id=106"},"modified":"2026-03-30T13:16:33","modified_gmt":"2026-03-30T11:16:33","slug":"karriere","status":"publish","type":"page","link":"https:\/\/hellmann-versand.de\/en\/karriere\/","title":{"rendered":"Career"},"content":{"rendered":"<hr class=\"wp-block-separator has-alpha-channel-opacity is-style-wide is-style-wide--1\"\/>\n\n\n\n<div class=\"wp-block-group alignfull has-global-padding is-layout-constrained wp-container-core-group-is-layout-0c9c989a wp-block-group-is-layout-constrained\" style=\"min-height:0vh;margin-top:0;margin-bottom:0;padding-top:var(--wp--preset--spacing--70);padding-right:var(--wp--preset--spacing--40);padding-bottom:var(--wp--preset--spacing--70);padding-left:var(--wp--preset--spacing--40)\">\n<div class=\"wp-block-group has-global-padding is-layout-constrained wp-container-core-group-is-layout-346627ba wp-block-group-is-layout-constrained\">\n<h2 class=\"wp-block-heading has-text-align-center has-xx-large-font-size\" style=\"margin-right:0;margin-left:0;padding-right:0;padding-left:0\">Become part of our team<\/h2>\n\n\n\n<p class=\"has-text-align-center\">You can find recent job offers on Stepstone, as well as on posts on this website. You can also send us an unsolicited application.<\/p>\n\n\n\n<div class=\"wp-block-buttons is-content-justification-center is-layout-flex wp-container-core-buttons-is-layout-a89b3969 wp-block-buttons-is-layout-flex\">\n<div class=\"wp-block-button is-style-fill\"><a class=\"wp-block-button__link has-background wp-element-button\" href=\"http:\/\/hellmann-versand.de\/en\/?page_id=2\" style=\"background:linear-gradient(135deg,rgb(6,147,227) 0%,rgb(155,81,224) 100%)\">Apply Now!<\/a><\/div>\n<\/div>\n<\/div>\n<\/div>\n\n\n\n<div class=\"wp-block-group alignfull is-style-section-1 has-global-padding is-layout-constrained wp-block-group-is-layout-constrained is-style-section-1--2\" style=\"margin-top:0;margin-bottom:0;padding-top:var(--wp--preset--spacing--80);padding-bottom:var(--wp--preset--spacing--80)\">\n<div class=\"wp-block-columns alignwide is-layout-flex wp-container-core-columns-is-layout-66fad18a wp-block-columns-is-layout-flex\">\n<div class=\"wp-block-column is-layout-flow wp-block-column-is-layout-flow\" style=\"border-style:none;border-width:0px;border-top-left-radius:0px;border-top-right-radius:0px;border-bottom-left-radius:0px;border-bottom-right-radius:0px;padding-right:0;padding-bottom:0;flex-basis:45%\">\n<figure class=\"wp-block-image size-full\"><img loading=\"lazy\" decoding=\"async\" width=\"2560\" height=\"1707\" src=\"http:\/\/hellmann-versand.de\/wp-content\/uploads\/2026\/03\/Lager-von-Oben-scaled.jpg\" alt=\"\" class=\"wp-image-75\" srcset=\"https:\/\/hellmann-versand.de\/wp-content\/uploads\/2026\/03\/Lager-von-Oben-scaled.jpg 2560w, https:\/\/hellmann-versand.de\/wp-content\/uploads\/2026\/03\/Lager-von-Oben-300x200.jpg 300w, https:\/\/hellmann-versand.de\/wp-content\/uploads\/2026\/03\/Lager-von-Oben-1024x683.jpg 1024w, https:\/\/hellmann-versand.de\/wp-content\/uploads\/2026\/03\/Lager-von-Oben-768x512.jpg 768w, https:\/\/hellmann-versand.de\/wp-content\/uploads\/2026\/03\/Lager-von-Oben-1536x1024.jpg 1536w, https:\/\/hellmann-versand.de\/wp-content\/uploads\/2026\/03\/Lager-von-Oben-2048x1366.jpg 2048w\" sizes=\"auto, (max-width: 2560px) 100vw, 2560px\" \/><\/figure>\n\n\n\n<div class=\"wp-block-group has-global-padding is-layout-constrained wp-block-group-is-layout-constrained\" style=\"margin-top:-12vw\">\n<figure class=\"wp-block-image alignright size-full is-resized\" style=\"margin-top:var(--wp--preset--spacing--40);margin-right:-5vw;margin-bottom:var(--wp--preset--spacing--40);margin-left:-5vw\"><img loading=\"lazy\" decoding=\"async\" width=\"1723\" height=\"1723\" src=\"http:\/\/hellmann-versand.de\/wp-content\/uploads\/2026\/03\/image00002-edited.jpeg\" alt=\"\" class=\"wp-image-109\" style=\"object-fit:cover;width:260px;height:auto\" srcset=\"https:\/\/hellmann-versand.de\/wp-content\/uploads\/2026\/03\/image00002-edited.jpeg 1723w, https:\/\/hellmann-versand.de\/wp-content\/uploads\/2026\/03\/image00002-edited-300x300.jpeg 300w, https:\/\/hellmann-versand.de\/wp-content\/uploads\/2026\/03\/image00002-edited-1024x1024.jpeg 1024w, https:\/\/hellmann-versand.de\/wp-content\/uploads\/2026\/03\/image00002-edited-150x150.jpeg 150w, https:\/\/hellmann-versand.de\/wp-content\/uploads\/2026\/03\/image00002-edited-768x768.jpeg 768w, https:\/\/hellmann-versand.de\/wp-content\/uploads\/2026\/03\/image00002-edited-1536x1536.jpeg 1536w\" sizes=\"auto, (max-width: 1723px) 100vw, 1723px\" \/><\/figure>\n<\/div>\n<\/div>\n\n\n\n<div class=\"wp-block-column is-vertically-aligned-center is-layout-flow wp-block-column-is-layout-flow\" style=\"padding-right:0;padding-left:0;flex-basis:50%\">\n<div class=\"wp-block-group is-vertical is-layout-flex wp-container-core-group-is-layout-fe9cc265 wp-block-group-is-layout-flex\">\n<h2 class=\"wp-block-heading is-style-text-annotation is-style-text-annotation--3\">What awaits you?<\/h2>\n<\/div>\n\n\n\n<p class=\"is-style-text-subtitle is-style-text-subtitle--4\">Hellmann-Versand is a family run business that sells tealight holders and other decorative items. Our team in the office focuses on sales and organisation and presents our product on multiple fairs while the logistics department enables us smooth and quick deliveries.<\/p>\n<\/div>\n<\/div>\n<\/div>\n\n\n\n<hr class=\"wp-block-separator has-alpha-channel-opacity is-style-wide is-style-wide--5\"\/>\n\n\n\n<div class=\"wp-block-group alignfull has-global-padding is-layout-constrained wp-container-core-group-is-layout-ebee8dc1 wp-block-group-is-layout-constrained\" style=\"margin-top:0;margin-bottom:0;padding-top:var(--wp--preset--spacing--50);padding-bottom:var(--wp--preset--spacing--50)\">\n<h2 class=\"wp-block-heading alignwide\">Areas of responsibility<\/h2>\n\n\n\n<div class=\"wp-block-columns alignwide is-layout-flex wp-container-core-columns-is-layout-28f84493 wp-block-columns-is-layout-flex\">\n<div class=\"wp-block-column is-layout-flow wp-block-column-is-layout-flow\">\n<figure class=\"wp-block-image size-full\" style=\"margin-bottom:24px\"><img loading=\"lazy\" decoding=\"async\" width=\"2560\" height=\"1707\" src=\"http:\/\/hellmann-versand.de\/wp-content\/uploads\/2026\/03\/Paket-Vordergrund-scaled.jpg\" alt=\"\" class=\"wp-image-77\" style=\"aspect-ratio:4\/3;object-fit:cover\" srcset=\"https:\/\/hellmann-versand.de\/wp-content\/uploads\/2026\/03\/Paket-Vordergrund-scaled.jpg 2560w, https:\/\/hellmann-versand.de\/wp-content\/uploads\/2026\/03\/Paket-Vordergrund-300x200.jpg 300w, https:\/\/hellmann-versand.de\/wp-content\/uploads\/2026\/03\/Paket-Vordergrund-1024x683.jpg 1024w, https:\/\/hellmann-versand.de\/wp-content\/uploads\/2026\/03\/Paket-Vordergrund-768x512.jpg 768w, https:\/\/hellmann-versand.de\/wp-content\/uploads\/2026\/03\/Paket-Vordergrund-1536x1024.jpg 1536w, https:\/\/hellmann-versand.de\/wp-content\/uploads\/2026\/03\/Paket-Vordergrund-2048x1365.jpg 2048w\" sizes=\"auto, (max-width: 2560px) 100vw, 2560px\" \/><\/figure>\n\n\n\n<h3 class=\"wp-block-heading\">Warehouse<\/h3>\n\n\n\n<p class=\"has-medium-font-size\">In the warehouse, the products are packed and prepared for dispatch. Deliveries are received and each product is put in its place.<\/p>\n<\/div>\n\n\n\n<div class=\"wp-block-column is-layout-flow wp-block-column-is-layout-flow\">\n<figure class=\"wp-block-image size-full\" style=\"margin-bottom:24px\"><img loading=\"lazy\" decoding=\"async\" width=\"2480\" height=\"1397\" src=\"http:\/\/hellmann-versand.de\/wp-content\/uploads\/2026\/02\/Platzhalter-16zu9.png\" alt=\"\" class=\"wp-image-19\" style=\"aspect-ratio:4\/3;object-fit:cover\" srcset=\"https:\/\/hellmann-versand.de\/wp-content\/uploads\/2026\/02\/Platzhalter-16zu9.png 2480w, https:\/\/hellmann-versand.de\/wp-content\/uploads\/2026\/02\/Platzhalter-16zu9-300x169.png 300w, https:\/\/hellmann-versand.de\/wp-content\/uploads\/2026\/02\/Platzhalter-16zu9-1024x577.png 1024w, https:\/\/hellmann-versand.de\/wp-content\/uploads\/2026\/02\/Platzhalter-16zu9-768x433.png 768w, https:\/\/hellmann-versand.de\/wp-content\/uploads\/2026\/02\/Platzhalter-16zu9-1536x865.png 1536w, https:\/\/hellmann-versand.de\/wp-content\/uploads\/2026\/02\/Platzhalter-16zu9-2048x1154.png 2048w\" sizes=\"auto, (max-width: 2480px) 100vw, 2480px\" \/><\/figure>\n\n\n\n<h3 class=\"wp-block-heading\">Office<\/h3>\n\n\n\n<p class=\"has-medium-font-size\">The office is responsible for taking orders, generating dispatch documents, providing customer service and handling a wide range of administrative tasks.<\/p>\n<\/div>\n\n\n\n<div class=\"wp-block-column is-layout-flow wp-block-column-is-layout-flow\">\n<figure class=\"wp-block-image size-full\" style=\"margin-bottom:24px\"><img loading=\"lazy\" decoding=\"async\" width=\"2480\" height=\"1397\" src=\"http:\/\/hellmann-versand.de\/wp-content\/uploads\/2026\/02\/Platzhalter-16zu9.png\" alt=\"\" class=\"wp-image-19\" style=\"aspect-ratio:4\/3;object-fit:cover\" srcset=\"https:\/\/hellmann-versand.de\/wp-content\/uploads\/2026\/02\/Platzhalter-16zu9.png 2480w, https:\/\/hellmann-versand.de\/wp-content\/uploads\/2026\/02\/Platzhalter-16zu9-300x169.png 300w, https:\/\/hellmann-versand.de\/wp-content\/uploads\/2026\/02\/Platzhalter-16zu9-1024x577.png 1024w, https:\/\/hellmann-versand.de\/wp-content\/uploads\/2026\/02\/Platzhalter-16zu9-768x433.png 768w, https:\/\/hellmann-versand.de\/wp-content\/uploads\/2026\/02\/Platzhalter-16zu9-1536x865.png 1536w, https:\/\/hellmann-versand.de\/wp-content\/uploads\/2026\/02\/Platzhalter-16zu9-2048x1154.png 2048w\" sizes=\"auto, (max-width: 2480px) 100vw, 2480px\" \/><\/figure>\n\n\n\n<h3 class=\"wp-block-heading\">Trade fairs<\/h3>\n\n\n\n<p class=\"has-medium-font-size\">We showcase our products at various international trade fairs, attract new customers and take orders.<\/p>\n<\/div>\n<\/div>\n<\/div>\n\n\n\n<hr class=\"wp-block-separator has-alpha-channel-opacity is-style-wide is-style-wide--6\"\/>\n\n\n\n<p><\/p>","protected":false},"excerpt":{"rendered":"<p>Ein Teil des Teams werden Aktuelle Stellenangebote finden Sie bei StepStone und in unseren Beitr\u00e4gen. Gerne k\u00f6nnen Sie uns trotzdem eine Initiativbewerbung zukommen lassen! Was erwartet Sie? Hellmann-Versand ist ein familiengef\u00fchrtes Unternehmen, das Windlichter und andere Deko-Artikel vertreibt. Unser Team arbeitet im B\u00fcro an Verkauf und Organisation, pr\u00e4sentiert unsere Produkte auf Messen w\u00e4hrend das Lager [&hellip;]<\/p>\n","protected":false},"author":1,"featured_media":0,"parent":0,"menu_order":0,"comment_status":"closed","ping_status":"closed","template":"","meta":{"footnotes":""},"class_list":["post-106","page","type-page","status-publish","hentry"],"_links":{"self":[{"href":"https:\/\/hellmann-versand.de\/en\/wp-json\/wp\/v2\/pages\/106","targetHints":{"allow":["GET"]}}],"collection":[{"href":"https:\/\/hellmann-versand.de\/en\/wp-json\/wp\/v2\/pages"}],"about":[{"href":"https:\/\/hellmann-versand.de\/en\/wp-json\/wp\/v2\/types\/page"}],"author":[{"embeddable":true,"href":"https:\/\/hellmann-versand.de\/en\/wp-json\/wp\/v2\/users\/1"}],"replies":[{"embeddable":true,"href":"https:\/\/hellmann-versand.de\/en\/wp-json\/wp\/v2\/comments?post=106"}],"version-history":[{"count":4,"href":"https:\/\/hellmann-versand.de\/en\/wp-json\/wp\/v2\/pages\/106\/revisions"}],"predecessor-version":[{"id":768,"href":"https:\/\/hellmann-versand.de\/en\/wp-json\/wp\/v2\/pages\/106\/revisions\/768"}],"wp:attachment":[{"href":"https:\/\/hellmann-versand.de\/en\/wp-json\/wp\/v2\/media?parent=106"}],"curies":[{"name":"wp","href":"https:\/\/api.w.org\/{rel}","templated":true}]}}